{"id":292,"date":"2023-10-12T09:27:41","date_gmt":"2023-10-12T09:27:41","guid":{"rendered":"https:\/\/www.grupoechevarne.com\/politica-de-cookies\/"},"modified":"2023-10-12T11:01:17","modified_gmt":"2023-10-12T11:01:17","slug":"politica-de-cookies","status":"publish","type":"page","link":"https:\/\/www.grupoechevarne.com\/ca\/politica-de-cookies\/","title":{"rendered":"Pol\u00edtica de cookies"},"content":{"rendered":"<p>[et_pb_section fb_built=&#8221;1&#8243; admin_label=&#8221;section&#8221; _builder_version=&#8221;4.16&#8243; global_colors_info=&#8221;{}&#8221;][et_pb_row admin_label=&#8221;row&#8221; _builder_version=&#8221;4.16&#8243; background_size=&#8221;initial&#8221; background_position=&#8221;top_left&#8221; background_repeat=&#8221;repeat&#8221; global_colors_info=&#8221;{}&#8221;][et_pb_column type=&#8221;4_4&#8243; _builder_version=&#8221;4.16&#8243; custom_padding=&#8221;|||&#8221; global_colors_info=&#8221;{}&#8221; custom_padding__hover=&#8221;|||&#8221;][et_pb_text admin_label=&#8221;Text&#8221; _builder_version=&#8221;4.21.0&#8243; background_size=&#8221;initial&#8221; background_position=&#8221;top_left&#8221; background_repeat=&#8221;repeat&#8221; hover_enabled=&#8221;0&#8243; global_colors_info=&#8221;{}&#8221; sticky_enabled=&#8221;0&#8243;]<\/p>\n<div class=\"cli_pg_page_contaner\">\n<h3>Sobre aquesta pol\u00edtica de cookies<\/h3>\n<div>\n<p>Aquesta pol\u00edtica de cookies t\u00e9 per finalitat informar de manera clara i precisa sobre les cookies que s&#8217;utilitzen en la nostra web.<\/p>\n<p>Utilitzem galetes (cookies) pr\u00f2pies i de tercers per millorar els nostres serveis, personalitzar el nostre lloc web, facilitar la navegaci\u00f3 dels nostres usuaris, proporcionar-li una millor experi\u00e8ncia en l&#8217;\u00fas del lloc web, identificar problemes per a la seva millora, realitzar mesures i estad\u00edstiques d&#8217;\u00fas i mostrar-li publicitat relacionada amb les seves prefer\u00e8ncies mitjan\u00e7ant l&#8217;an\u00e0lisi de l&#8217;\u00fas del lloc web.<\/p>\n<p>L&#8217;informem que podem utilitzar galetes en el seu equip, sempre que l&#8217;usuari hagi donat el seu consentiment, llevat dels casos en qu\u00e8 les galetes siguin necess\u00e0ries per a la navegaci\u00f3 pel nostre lloc web. En cas que presti el seu consentiment, podrem utilitzar galetes que ens permetran obtenir m\u00e9s informaci\u00f3 sobre les seves prefer\u00e8ncies i personalitzar el nostre lloc web d&#8217;acord amb els seus interessos individuals.<\/p>\n<\/div>\n<h3>Qu\u00e8 s\u00f3n les cookies?<\/h3>\n<div>Les galetes i altres tecnologies similars, com ara objectes compartits locals, galetes flash o p\u00edxels, s\u00f3n eines utilitzades pels servidors web per emmagatzemar i recuperar informaci\u00f3 sobre els seus visitants, aix\u00ed com per proporcionar un correcte funcionament del lloc web.<\/div>\n<h3>Classes de cookies<\/h3>\n<div>\n<p><strong>Classes de cookies en funci\u00f3 de l&#8217;entitat que les gestiona:<\/strong><\/p>\n<ul>\n<li><strong>Cookies propiess: <\/strong>Les cookies pr\u00f2pies s\u00f3n aquelles que s&#8217;envien a l&#8217;equip terminal de l&#8217;usuari des d&#8217;un equip o domini gestionat pel titular de la p\u00e0gina web i des del qual es presta el servei sol\u00b7licitat per l&#8217;usuari.<\/li>\n<li><strong>Cookies de tercers:<\/strong> s\u00f3n aquelles que s&#8217;envien a l&#8217;equip terminal de l&#8217;usuari des d&#8217;un equip o domini que no \u00e9s gestionat pel titular de la p\u00e0gina web des de la qual es presta el servei sol\u00b7licitat per l&#8217;usuari, sin\u00f3 per una altra entitat que tracta les dades obtingudes a trav\u00e9s de les cookies. A m\u00e9s a m\u00e9s, en el cas que les cookies siguin instal\u00b7lades des d&#8217;un equip o domini gestionat pel mateix titular del lloc web, per\u00f2 la informaci\u00f3 que es recull a trav\u00e9s d&#8217;aquestes sigui gestionada per un tercer, tamb\u00e9 es consideraran com a cookies de tercers.<\/li>\n<\/ul>\n<p><strong>Classes de cookies segons la seva finalitat:<\/strong><\/p>\n<ul>\n<li><strong>Cookies t\u00e8cniques:<\/strong> Les cookies t\u00e8cniques s\u00f3n aquelles que permeten a l&#8217;usuari navegar per una p\u00e0gina web, plataforma o aplicaci\u00f3 i utilitzar les diferents opcions o serveis que hi existeixen. Aix\u00f2 inclou les cookies que l&#8217;editor utilitza per gestionar i operar el lloc web i habilitar les seves funcions i serveis. Aquests exemples inclouen controlar el tr\u00e0nsit i la comunicaci\u00f3 de dades, identificar la sessi\u00f3, accedir a parts d&#8217;acc\u00e9s restringit, recordar els elements d&#8217;una comanda, realitzar el proc\u00e9s de compra d&#8217;una comanda, gestionar el pagament, controlar el frau relacionat amb la seguretat del servei, sol\u00b7licitar la inscripci\u00f3 o participaci\u00f3 en un esdeveniment, comptar visites per a fins de facturaci\u00f3 de llic\u00e8ncies del programari amb el qual funciona el servei (lloc web, plataforma o aplicaci\u00f3), utilitzar elements de seguretat durant la navegaci\u00f3, emmagatzemar continguts per a la difusi\u00f3 de v\u00eddeos o so, habilitar continguts din\u00e0mics (com ara animacions de c\u00e0rrega de text o imatges) o compartir continguts a trav\u00e9s de xarxes socials. Tamb\u00e9 pertanyen a aquesta categoria, per la seva naturalesa t\u00e8cnica, aquelles cookies que permeten la gesti\u00f3, de la manera m\u00e9s efica\u00e7 possible, dels espais publicitaris que, com a un element m\u00e9s de disseny o &#8220;maquetaci\u00f3&#8221; del servei ofert a l&#8217;usuari, l&#8217;editor hagi incl\u00f2s en una p\u00e0gina web, aplicaci\u00f3 o plataforma basant-se en criteris com el contingut editat, sense que es recopili informaci\u00f3 dels usuaris amb finalitats diferents, com podria ser personalitzar aquest contingut publicitari o altres continguts.<\/li>\n<li><strong>Cookies de prefer\u00e8ncies o personalitzaci\u00f3:<\/strong> s\u00f3n aquelles que permeten recordar informaci\u00f3 perqu\u00e8 l&#8217;usuari pugui accedir al servei amb determinades caracter\u00edstiques que poden diferenciar la seva experi\u00e8ncia de la d&#8217;altres usuaris. Aix\u00f2 pot incloure, per exemple, l&#8217;idioma, el nombre de resultats a mostrar quan l&#8217;usuari realitza una cerca, l&#8217;aparen\u00e7a o contingut del servei en funci\u00f3 del tipus de navegador a trav\u00e9s del qual l&#8217;usuari accedeix al servei o de la regi\u00f3 des de la qual accedeix al servei, entre altres.<\/li>\n<li><strong>Cookies d&#8217;an\u00e0lisis o mesura:<\/strong> s\u00f3n aquelles que permeten al responsable d&#8217;aquestes el seguiment i an\u00e0lisi del comportament dels usuaris dels llocs web als quals estan vinculades, incloent-hi la quantificaci\u00f3 de l&#8217;impacte dels anuncis. La informaci\u00f3 recollida mitjan\u00e7ant aquest tipus de galetes s&#8217;utilitza per mesurar l&#8217;activitat dels llocs web, aplicacions o plataformes, amb l&#8217;objectiu d&#8217;introduir millores en funci\u00f3 de l&#8217;an\u00e0lisi de les dades d&#8217;\u00fas que fan els usuaris del servei.<\/li>\n<li><strong>Cookies de publicitat comportamental:<\/strong> s\u00f3n aquelles que permeten la gesti\u00f3, de la manera m\u00e9s efica\u00e7 possible, dels espais publicitaris presents a la p\u00e0gina web. Aquestes cookies emmagatzemen informaci\u00f3 sobre el comportament dels usuaris obtinguda mitjan\u00e7ant l&#8217;observaci\u00f3 cont\u00ednua dels seus h\u00e0bits de navegaci\u00f3, la qual cosa permet desenvolupar un perfil espec\u00edfic per mostrar publicitat en funci\u00f3 d&#8217;aquest perfil.<\/li>\n<li><strong>Cookies de geolocalitzaci\u00f3:<\/strong> s&#8217;utilitzen per saber en quin lloc es troba un usuari quan sol\u00b7licita un servei. Aquesta cookie \u00e9s an\u00f2nima i s&#8217;utilitza, per exemple, per oferir la informaci\u00f3 adequada depenent del pa\u00eds en el qual es troba.<\/li>\n<\/ul>\n<p><strong>Classes de cookies segons el termini en qu\u00e8 romanen actives<\/strong><\/p>\n<ul>\n<li><strong>Cookies de sessi\u00f3:<\/strong> s\u00f3n aquelles dissenyades per recopilar i emmagatzemar dades mentre l&#8217;usuari accedeix a una p\u00e0gina web. Solen utilitzar-se per emmagatzemar informaci\u00f3 que nom\u00e9s interessa conservar per a la prestaci\u00f3 del servei sol\u00b7licitat per l&#8217;usuari en una sola ocasi\u00f3 (per exemple, una llista de productes adquirits) i desapareixen en finalitzar la sessi\u00f3.<\/li>\n<li><strong>Cookies persistents:<\/strong> s\u00f3n aquelles en les quals les dades segueixen emmagatzemades en el terminal i poden ser accedides i tractades durant un per\u00edode definit pel responsable de la galeta, que pot anar des d&#8217;uns minuts fins a diversos anys.<\/li>\n<\/ul>\n<\/div>\n<h3>Quines classes de cookie utilitzem?<\/h3>\n<div>La seg\u00fcent llista detalla les cookies utilitzades al nostre lloc web.[cookie_audit_category columns=&#8221;cookie,description&#8221;]<\/div>\n<h3>Com es deshabiliten les cookies als navegadors?<\/h3>\n<p>L&#8217;usuari pot, en qualsevol moment, permetre, bloquejar o eliminar les cookies instal\u00b7lades en el seu equip mitjan\u00e7ant la modificaci\u00f3 dels par\u00e0metres de configuraci\u00f3 del navegador instal\u00b7lat al seu ordinador:<\/p>\n<ul>\n<li><a href=\"https:\/\/support.google.com\/chrome\/answer\/95647?hl=es&amp;sc_ref_bbva=https%3A%2F%2Fwww.bbva.es%2Fsistema%2Fmeta%2Faviso-legal%2Findex.jsp\" target=\"_blank\" rel=\"noopener\">Chrome<\/a> Configuraci\u00f3 -&gt; Mostrar opcions avan\u00e7ades -&gt; Privacitat -&gt; Configuraci\u00f3 del<br \/>\ncontingut.<br \/>\nPer a m\u00e9s informaci\u00f3, pot consultar <a href=\"https:\/\/support.google.com\/chrome\/answer\/95647?hl=es&amp;ref_topic=3434352\" target=\"_blank\" rel=\"noopener\">el suport de Google<\/a> o l&#8217;Ajuda del navegador.<\/li>\n<li><a href=\"https:\/\/www.microsoft.com\/es-es\/edge?form=MA13FJ\" target=\"_blank\" rel=\"noopener\">Edge<\/a> Eines -&gt; Opcions d&#8217;Internet -&gt; Privacitat -&gt; Configuraci\u00f3.<br \/>\nPer a m\u00e9s informaci\u00f3, pot consultar <a href=\"https:\/\/support.microsoft.com\/es-es\/windows\/ayuda-de-internet-explorer-23360e49-9cd3-4dda-ba52-705336cc0de2\" target=\"_blank\" rel=\"noopener\">el suport de Microsoft<\/a> o l&#8217;Ajuda del navegador.<\/li>\n<li><a href=\"https:\/\/support.mozilla.org\/es\/kb\/habilitar-y-deshabilitar-cookies-sitios-web-rastrear-preferencias?sc_ref_bbva=https%3A%2F%2Fwww.bbva.es%2Fsistema%2Fmeta%2Faviso-legal%2Findex.jsp&amp;redirectslug=habilitar-y-deshabilitar-cookies-que-los-sitios-we&amp;redirectlocale=es\" target=\"_blank\" rel=\"noopener\">Firefox<\/a> Eines -&gt;Opcions -&gt; Privacitat -&gt; Historial -&gt; Configuraci\u00f3 Personalitzada.<br \/>\nPer a m\u00e9s informaci\u00f3, pot consultar <a href=\"https:\/\/support.mozilla.org\/es\/\" target=\"_blank\" rel=\"noopener\">el suport de Mozilla<\/a> o l&#8217;Ajuda del navegador.<\/li>\n<li><a href=\"https:\/\/support.apple.com\/es-es\/guide\/safari\/sfri11471\/mac\" target=\"_blank\" rel=\"noopener\">Safari<\/a> Safari Prefer\u00e8ncies -&gt; Seguretat.<br \/>\nPer a m\u00e9s informaci\u00f3, pot consultar <a href=\"https:\/\/support.apple.com\/es-es\/HT201265\" target=\"_blank\" rel=\"noopener\">el suport de Apple<\/a> o l&#8217;Ajuda del navegador.<\/li>\n<\/ul>\n<h3>Retirar el consentiment<\/h3>\n<p>L&#8217;usuari podr\u00e0 retirar en qualsevol moment el seu consentiment relacionat amb la Pol\u00edtica de Cookies i podr\u00e0 eliminar les cookies emmagatzemades al seu equip mitjan\u00e7ant els ajustaments i configuracions del seu navegador d&#8217;Internet, com s&#8217;ha indicat anteriorment, aix\u00ed com accedint al nostre panell de configuraci\u00f3:[user_consent_state]<\/p>\n<p>La present Pol\u00edtica de Cookies es pot modificar quan ho exigeixi la legislaci\u00f3 vigent en cada moment o quan hi hagi alguna variaci\u00f3 en el tipus de cookies utilitzades al lloc web. Per aix\u00f2, li recomanem revisar aquesta pol\u00edtica cada vegada que accedeixi al nostre lloc web amb l&#8217;objectiu d&#8217;estar adequadament informat sobre com i per a qu\u00e8 utilitzem les cookies.<br \/>\n[webtoffee_powered_by]<\/p>\n<\/div>\n<p>[\/et_pb_text][\/et_pb_column][\/et_pb_row][\/et_pb_section]<\/p>\n","protected":false},"excerpt":{"rendered":"<p>Sobre aquesta pol\u00edtica de cookies Aquesta pol\u00edtica de cookies t\u00e9 per finalitat informar de manera clara i precisa sobre les cookies que s&#8217;utilitzen en la nostra web. Utilitzem galetes (cookies) pr\u00f2pies i de tercers per millorar els nostres serveis, personalitzar el nostre lloc web, facilitar la navegaci\u00f3 dels nostres usuaris, proporcionar-li una millor experi\u00e8ncia en [&hellip;]<\/p>\n","protected":false},"author":1,"featured_media":0,"parent":0,"menu_order":0,"comment_status":"closed","ping_status":"closed","template":"","meta":{"_et_pb_use_builder":"on","_et_pb_old_content":"","_et_gb_content_width":"","footnotes":""},"dipi_cpt_category":[],"class_list":["post-292","page","type-page","status-publish","hentry"],"_links":{"self":[{"href":"https:\/\/www.grupoechevarne.com\/ca\/wp-json\/wp\/v2\/pages\/292","targetHints":{"allow":["GET"]}}],"collection":[{"href":"https:\/\/www.grupoechevarne.com\/ca\/wp-json\/wp\/v2\/pages"}],"about":[{"href":"https:\/\/www.grupoechevarne.com\/ca\/wp-json\/wp\/v2\/types\/page"}],"author":[{"embeddable":true,"href":"https:\/\/www.grupoechevarne.com\/ca\/wp-json\/wp\/v2\/users\/1"}],"replies":[{"embeddable":true,"href":"https:\/\/www.grupoechevarne.com\/ca\/wp-json\/wp\/v2\/comments?post=292"}],"version-history":[{"count":2,"href":"https:\/\/www.grupoechevarne.com\/ca\/wp-json\/wp\/v2\/pages\/292\/revisions"}],"predecessor-version":[{"id":294,"href":"https:\/\/www.grupoechevarne.com\/ca\/wp-json\/wp\/v2\/pages\/292\/revisions\/294"}],"wp:attachment":[{"href":"https:\/\/www.grupoechevarne.com\/ca\/wp-json\/wp\/v2\/media?parent=292"}],"wp:term":[{"taxonomy":"dipi_cpt_category","embeddable":true,"href":"https:\/\/www.grupoechevarne.com\/ca\/wp-json\/wp\/v2\/dipi_cpt_category?post=292"}],"curies":[{"name":"wp","href":"https:\/\/api.w.org\/{rel}","templated":true}]}}