{"id":289,"date":"2023-05-08T10:16:14","date_gmt":"2023-05-08T10:16:14","guid":{"rendered":"https:\/\/www.grupoechevarne.com\/politica-de-privacitat\/"},"modified":"2023-10-12T10:46:13","modified_gmt":"2023-10-12T10:46:13","slug":"politica-de-privacitat","status":"publish","type":"page","link":"https:\/\/www.grupoechevarne.com\/ca\/politica-de-privacitat\/","title":{"rendered":"Pol\u00edtica de privacitat"},"content":{"rendered":"<p>[et_pb_section fb_built=&#8221;1&#8243; admin_label=&#8221;section&#8221; _builder_version=&#8221;4.16&#8243; global_colors_info=&#8221;{}&#8221;][et_pb_row admin_label=&#8221;row&#8221; _builder_version=&#8221;4.16&#8243; background_size=&#8221;initial&#8221; background_position=&#8221;top_left&#8221; background_repeat=&#8221;repeat&#8221; global_colors_info=&#8221;{}&#8221;][et_pb_column type=&#8221;4_4&#8243; _builder_version=&#8221;4.16&#8243; custom_padding=&#8221;|||&#8221; global_colors_info=&#8221;{}&#8221; custom_padding__hover=&#8221;|||&#8221;][et_pb_text admin_label=&#8221;Text&#8221; _builder_version=&#8221;4.21.0&#8243; background_size=&#8221;initial&#8221; background_position=&#8221;top_left&#8221; background_repeat=&#8221;repeat&#8221; hover_enabled=&#8221;0&#8243; global_colors_info=&#8221;{}&#8221; sticky_enabled=&#8221;0&#8243;]<\/p>\n<h1>Pol\u00edtica de Privacitat Web<\/h1>\n<h2>Responsable del tractament<\/h2>\n<p>L&#8217;empresa responsable del tractament de les seves dades en virtut d&#8217;aquesta pol\u00edtica de privacitat \u00e9s:<\/p>\n<ul>\n<li>GRUPO ECHEVARNE, S.L.<\/li>\n<li>NIF: A08829848<\/li>\n<li>Domicili: <span style=\"color: #000000;\"><a href=\"https:\/\/www.google.es\/maps\/dir\/\/Laboratori+d%E2%80%99An%C3%A0lisis+Echevarne+Barcelona,+C%2F+de+Proven%C3%A7a,+312,+08037+Barcelona\/@41.3960999,2.1532831,15z\/data=!4m8!4m7!1m0!1m5!1m1!1s0x12a4a294a1b7636f:0x43e1357e057cbc2b!2m2!1d2.1635447!2d41.3961482?entry=ttu\" target=\"_blank\" rel=\"noopener\" style=\"color: #000000;\">C\/ Proven\u00e7a, 312, bajos 08037 Barcelona<\/a><\/span><\/li>\n<li>Correu electr\u00f2nic: <span style=\"color: #000000;\"><a href=\"mailto:info@grupoechevarne.com\" target=\"_blank\" rel=\"noopener\" style=\"color: #000000;\">info@grupoechevarne.com<\/a><\/span><\/li>\n<li>Web: <span style=\"color: #000000;\"><a href=\"https:\/\/www.grupoechevarne.com\/\" target=\"_blank\" rel=\"noopener\" style=\"color: #000000;\">www.grupoechevarne.com<\/a><\/span><\/li>\n<li>Inscrita al Registre Mercantil al Tom 46.066 Foli 138, Fulla n\u00ba B-508.415<\/li>\n<\/ul>\n<p>A GRUPO ECHEVARNE, S.L., reconeixem la import\u00e0ncia de protegir la seva informaci\u00f3 personal i estem compromesos a tractar-la amb responsabilitat i d&#8217;acord amb les lleis de protecci\u00f3 de dades.<\/p>\n<p>La present pol\u00edtica de privacitat t\u00e9 com a objectiu regular tots els aspectes relatius al tractament de dades dels diferents usuaris que naveguen o faciliten les seves dades personals a trav\u00e9s dels diferents formularis situats a la web.<\/p>\n<h2>Dades personals<\/h2>\n<p>Una dada personal \u00e9s la informaci\u00f3 que l&#8217;identifica o el fa identificable. A trav\u00e9s de la web, en les caselles establertes a l&#8217;efecte recollim les dades personals que l&#8217;usuari ens comunica:<br \/>Nom, cognoms, correu electr\u00f2nic, tel\u00e8fon, adre\u00e7a postal, poblaci\u00f3, etc., aix\u00ed com totes aquelles dades que volunt\u00e0riament ens proporcioni a trav\u00e9s de qualsevol de les xarxes socials de les quals l&#8217;usuari estigui registrat. En aquest cas, la privacitat dep\u00e8n de la configuraci\u00f3 establerta pel mateix usuari, aix\u00ed com dels termes i condicions de la mateixa xarxa social.<\/p>\n<p>La visita de l&#8217;usuari a la web no implica que hagi de facilitar cap informaci\u00f3 sobre les seves dades personals. No obstant aix\u00f2, en cas de facilitar-los, les dades seran tractades de forma l\u00edcita amb l&#8217;adhesi\u00f3 constant als principis i drets recollits en el RGPD 2016\/679 del 27 d&#8217;abril de 2016 i la LOPDGDD 3\/2018 del 5 de desembre.<\/p>\n<h2>Finalitat, duraci\u00f3 i legitimaci\u00f3 del tractament:<\/h2>\n<p>Les dades que l&#8217;usuari ens proporcioni seran tractades amb les seg\u00fcents finalitats:<\/p>\n<ul>\n<ul>\n<li>Atendre la sol\u00b7licitud o petici\u00f3 realitzada per l&#8217;usuari a trav\u00e9s del <strong>formulari de contacte<\/strong> situat a la web. Recopilem i tractem les dades personals de l&#8217;usuari per poder gestionar i processar la seva sol\u00b7licitud, consulta o qualsevol petici\u00f3 que faci a trav\u00e9s d&#8217;aquest formulari. Aquestes dades les conservarem durant el temps necessari per donar compliment a la seva sol\u00b7licitud i pel temps establert per la llei, amb una duraci\u00f3 m\u00ednima de 3 anys.<\/li>\n<\/ul>\n<\/ul>\n<p>La base de legitimaci\u00f3 del tractament de les dades ser\u00e0 el consentiment que atorga l&#8217;usuari en seleccionar la casella d&#8217;acceptaci\u00f3 de la nostra pol\u00edtica de privadesa abans d&#8217;enviar la petici\u00f3. L&#8217;usuari t\u00e9 dret a revocar el seu consentiment en qualsevol moment sense que aix\u00f2 afecti la legalitat del tractament basat en el consentiment previ a la seva retirada.<\/p>\n<ul>\n<ul>\n<li>Enviar <strong>butlletins i newsletters<\/strong> sobre productes de GRUPO ECHEVARNE, S.L. Sota el consentiment de l&#8217;usuari, recopilem i tractem les seves dades personals per poder enviar-li informaci\u00f3 sobre els nostres productes i serveis. Aquestes dades les conservarem mentre l&#8217;usuari no retiri el seu consentiment al seu tractament i durant el temps establert per la llei, amb una duraci\u00f3 m\u00ednima de 3 anys.<\/li>\n<\/ul>\n<\/ul>\n<p>La base de legitimaci\u00f3 del tractament de les dades ser\u00e0 el consentiment que atorga l&#8217;usuari en seleccionar la casella d&#8217;acceptaci\u00f3 de la nostra pol\u00edtica de privadesa abans de subscriure&#8217;s a la newsletter mitjan\u00e7ant el formulari habilitat a aquest efecte a la web. L&#8217;usuari t\u00e9 dret a revocar el seu consentiment en qualsevol moment sense que aix\u00f2 afecti la legalitat del tractament basat en el consentiment previ a la seva retirada.<\/p>\n<ul>\n<ul>\n<li>Gestionar el <strong>curr\u00edculum<\/strong> enviat per l&#8217;interessat a trav\u00e9s del formulari habilitat per a aquest fi i incloure&#8217;l a la base de dades de candidats de l&#8217;empresa. Aquestes dades es conservaran durant un per\u00edode m\u00e0xim d&#8217;un any. Transcorregut aquest temps, es procedir\u00e0 al bloqueig de les dades durant el temps establert legalment, garantint un total respecte per la confidencialitat tant en el tractament com en la seva posterior destrucci\u00f3.<\/li>\n<\/ul>\n<\/ul>\n<p>La base legal per gestionar i tractar el curr\u00edculum de l&#8217;interessat \u00e9s el seu consentiment, el qual manifesta en realitzar una acci\u00f3 afirmativa d&#8217;enviament del mateix i seleccionar la casella d&#8217;acceptaci\u00f3 de la nostra pol\u00edtica de privadesa pr\u00e8viament a l&#8217;enviament. L&#8217;usuari t\u00e9 dret a revocar el seu consentiment en qualsevol moment sense que aix\u00f2 afecti la legalitat del tractament basat en el consentiment previ a la seva retirada.<\/p>\n<ul>\n<ul>\n<li>Millorar la seva experi\u00e8ncia en navegar per la web. Aquestes dades les conservarem mentre l&#8217;usuari no retiri el seu consentiment al tractament d&#8217;aquestes dades eliminant les galetes (cookies) i durant el temps establert per la llei, amb una duraci\u00f3 m\u00ednima de 3 anys.<\/li>\n<\/ul>\n<\/ul>\n<p>La base de legitimaci\u00f3 para millorar la seva experi\u00e8ncia en navegar per la web \u00e9s el consentiment que atorga l&#8217;usuari en acceptar les galetes (cookies). L&#8217;usuari t\u00e9 dret a revocar el seu consentiment en qualsevol moment sense que aix\u00f2 afecti la legalitat del tractament basat en el consentiment previ a la seva retirada.<\/p>\n<ul>\n<ul>\n<li>Gestionar les nostres <strong>xarxes socials<\/strong> i enviar-li informaci\u00f3 sobre les nostres activitats i productes. Aquestes dades les conservarem mentre l&#8217;usuari no retiri el seu consentiment al seu tractament i durant el temps establert per la llei, amb una duraci\u00f3 m\u00ednima de 3 anys.<\/li>\n<\/ul>\n<\/ul>\n<p>La base legal per gestionar les nostres xarxes socials i enviar-li les nostres activitats i novetats \u00e9s el consentiment que ens atorga per a aquesta finalitat. L&#8217;usuari t\u00e9 dret a revocar el seu consentiment en qualsevol moment sense que aix\u00f2 afecti la legalitat del tractament basat en el consentiment previ a la seva retirada.<\/p>\n<h2>Cessi\u00f3 o comunicaci\u00f3 de dades personals i transfer\u00e8ncies internacionals:<\/h2>\n<p>Les seves dades no es comunicaran ni cediran a tercers llevat que existeixi alguna obligaci\u00f3 legal o aquells prestadors vinculats al Responsable que actu\u00efn com a encarregats del tractament.<br \/>No es realitzen transfer\u00e8ncies internacionals de dades. En cas que en algun moment es puguin realitzar, se li comunicaran amb l&#8217;objectiu d&#8217;obtenir el seu consentiment.<\/p>\n<h2>Actualitzaci\u00f3 de dades<\/h2>\n<p>\u00c9s important que per poder mantenir les dades personals actualitzades, l&#8217;usuari ens informi sempre que hi hagi hagut alguna modificaci\u00f3 en elles; en cas contrari, no respondrem de la veracitat de les mateixes.<br \/>L&#8217;usuari garanteix que les dades personals facilitades s\u00f3n veraces i que tota la informaci\u00f3 proporcionada correspon amb la situaci\u00f3 real, est\u00e0 actualitzada i \u00e9s exacta, comprometent-se a comunicar qualsevol modificaci\u00f3.<\/p>\n<h2>Dades de tercers<\/h2>\n<p>Si l&#8217;usuari facilita dades de tercers per a qualsevol finalitat a GRUPO ECHEVARNE, S.L., garanteix que ha obtingut aquestes dades de forma l\u00edcita, que ha informat pr\u00e8viament els afectats, obtenint el seu consentiment per comunicar-les i que la informaci\u00f3 facilitada \u00e9s exacta i ver\u00eddica.<\/p>\n<h2>Car\u00e0cter obligatori de la informaci\u00f3 sol\u00b7licitada<\/h2>\n<p>Tots els nostres formularis compten amb un asterisc (*) en les dades obligat\u00f2ries. Si l&#8217;usuari no facilita aquests camps, o no marca la casella d&#8217;acceptaci\u00f3 de la pol\u00edtica de privacitat, no es permetr\u00e0 l&#8217;enviament d&#8217;informaci\u00f3.<\/p>\n<h2>Drets dels interessats:<\/h2>\n<p>T\u00e9 dret a accedir a les seves dades i a obtenir confirmaci\u00f3 sobre el seu tractament, aix\u00ed com una c\u00f2pia de les dades personals objecte de tractament. T\u00e9 dret a actualitzar-los i sol\u00b7licitar la rectificaci\u00f3 de les dades que siguin inexactes o sol\u00b7licitar la supressi\u00f3 quan les dades no siguin necess\u00e0ries per als fins pels quals es van recopilar. Pot sol\u00b7licitar la limitaci\u00f3 en el tractament de les seves dades i oposar-se al tractament d&#8217;aquestes retirant el seu consentiment, aix\u00ed com exercir el dret a la portabilitat de les dades. De la mateixa manera, t\u00e9 dret a no ser objecte de decisions basades \u00fanicament en el tractament automatitzat de les seves dades personals.<br \/>Pot exercir els seus drets contactant amb nosaltres a trav\u00e9s de l&#8217;adre\u00e7a seg\u00fcent: <span style=\"color: #000000;\"><a href=\"https:\/\/www.google.es\/maps\/dir\/\/Laboratori+d%E2%80%99An%C3%A0lisis+Echevarne+Barcelona,+C%2F+de+Proven%C3%A7a,+312,+08037+Barcelona\/@41.3960999,2.1532831,15z\/data=!4m8!4m7!1m0!1m5!1m1!1s0x12a4a294a1b7636f:0x43e1357e057cbc2b!2m2!1d2.1635447!2d41.3961482?entry=ttu\" target=\"_blank\" rel=\"noopener\" style=\"color: #000000;\">Carrer Proven\u00e7a, 312 baixos &#8211; 08037 Barcelona (Barcelona)<\/a><\/span>. E-mail: <span style=\"color: #000000;\"><a href=\"mailto:info@grupoechevarne.com\" target=\"_blank\" rel=\"noopener\" style=\"color: #000000;\">info@grupoechevarne.com<\/a><\/span><\/p>\n<p>Si considera que els seus drets no s&#8217;han at\u00e8s degudament, t\u00e9 dret a presentar una reclamaci\u00f3 davant de l&#8217;autoritat de control en <span style=\"color: #000000;\"><a href=\"https:\/\/www.aepd.es\/es\" target=\"_blank\" rel=\"noopener\" style=\"color: #000000;\">www.aepd.es<\/a><\/span>.<\/p>\n<h2>Xarxes socials<\/h2>\n<p>L&#8217;objectiu de les eines com LinkedIn o altres xarxes socials \u00e9s proporcionar visibilitat i difusi\u00f3 a les activitats que desenvolupa la nostra organitzaci\u00f3. Aquestes eines emmagatzemen dades personals en els servidors dels serveis respectius i estan regulades per la seva pr\u00f2pia pol\u00edtica de privadesa. Es recomana la revisi\u00f3 i la lectura de les condicions d&#8217;\u00fas i la pol\u00edtica de privadesa de la xarxa social en el moment del registre, tenint en compte les diferents possibilitats de configuraci\u00f3 pel que fa al grau de privadesa del perfil de l&#8217;usuari a la xarxa social.<\/p>\n<p>A m\u00e9s a m\u00e9s, el Responsable es reserva el dret d&#8217;eliminar de les seves xarxes socials qualsevol informaci\u00f3 publicada per tercers que vulneri la legalitat, inciti a fer-ho o contingui missatges que atemptin contra la dignitat de persones o institucions. Com tamb\u00e9 el dret a bloquejar o denunciar el perfil autor d&#8217;aquests missatges.<\/p>\n<h2>Tractament de Cookies:<\/h2>\n<p>Una cookie \u00e9s un petit arxiu que es descarrega i emmagatzema a l&#8217;ordinador de l&#8217;usuari quan aquest accedeix a una p\u00e0gina web. Les galetes (cookies) permeten al web, entre altres coses, emmagatzemar i recuperar informaci\u00f3 sobre els h\u00e0bits de navegaci\u00f3 de l&#8217;usuari o del seu equip i, depenent de la informaci\u00f3 que continguin i de la forma com utilitzi el seu equip, poden utilitzar-se per recon\u00e8ixer l&#8217;usuari.<\/p>\n<p>L&#8217;usuari t\u00e9 l&#8217;opci\u00f3 d&#8217;impedir la generaci\u00f3 de galetes (cookies) mitjan\u00e7ant la selecci\u00f3 de la corresponent opci\u00f3 en el seu programa de navegador. Pot obtenir m\u00e9s informaci\u00f3 llegint la nostra <span style=\"color: #000000;\"><a href=\"https:\/\/www.grupoechevarne.com\/ca\/politica-de-cookies\/\" target=\"_blank\" rel=\"noopener\" style=\"color: #000000;\">Pol\u00edtica de Cookies<\/a><\/span>.<\/p>\n<p>[\/et_pb_text][\/et_pb_column][\/et_pb_row][\/et_pb_section]<\/p>\n","protected":false},"excerpt":{"rendered":"<p>Pol\u00edtica de Privacitat Web Responsable del tractament L&#8217;empresa responsable del tractament de les seves dades en virtut d&#8217;aquesta pol\u00edtica de privacitat \u00e9s: GRUPO ECHEVARNE, S.L. NIF: A08829848 Domicili: C\/ Proven\u00e7a, 312, bajos 08037 Barcelona Correu electr\u00f2nic: info@grupoechevarne.com Web: www.grupoechevarne.com Inscrita al Registre Mercantil al Tom 46.066 Foli 138, Fulla n\u00ba B-508.415 A GRUPO ECHEVARNE, S.L., [&hellip;]<\/p>\n","protected":false},"author":1,"featured_media":0,"parent":0,"menu_order":0,"comment_status":"closed","ping_status":"closed","template":"","meta":{"_et_pb_use_builder":"on","_et_pb_old_content":"","_et_gb_content_width":"","footnotes":""},"dipi_cpt_category":[],"class_list":["post-289","page","type-page","status-publish","hentry"],"_links":{"self":[{"href":"https:\/\/www.grupoechevarne.com\/ca\/wp-json\/wp\/v2\/pages\/289","targetHints":{"allow":["GET"]}}],"collection":[{"href":"https:\/\/www.grupoechevarne.com\/ca\/wp-json\/wp\/v2\/pages"}],"about":[{"href":"https:\/\/www.grupoechevarne.com\/ca\/wp-json\/wp\/v2\/types\/page"}],"author":[{"embeddable":true,"href":"https:\/\/www.grupoechevarne.com\/ca\/wp-json\/wp\/v2\/users\/1"}],"replies":[{"embeddable":true,"href":"https:\/\/www.grupoechevarne.com\/ca\/wp-json\/wp\/v2\/comments?post=289"}],"version-history":[{"count":2,"href":"https:\/\/www.grupoechevarne.com\/ca\/wp-json\/wp\/v2\/pages\/289\/revisions"}],"predecessor-version":[{"id":291,"href":"https:\/\/www.grupoechevarne.com\/ca\/wp-json\/wp\/v2\/pages\/289\/revisions\/291"}],"wp:attachment":[{"href":"https:\/\/www.grupoechevarne.com\/ca\/wp-json\/wp\/v2\/media?parent=289"}],"wp:term":[{"taxonomy":"dipi_cpt_category","embeddable":true,"href":"https:\/\/www.grupoechevarne.com\/ca\/wp-json\/wp\/v2\/dipi_cpt_category?post=289"}],"curies":[{"name":"wp","href":"https:\/\/api.w.org\/{rel}","templated":true}]}}